{"id":269,"date":"2020-07-09T14:56:13","date_gmt":"2020-07-09T12:56:13","guid":{"rendered":"https:\/\/startup-loft.com\/?page_id=269"},"modified":"2021-02-22T13:13:36","modified_gmt":"2021-02-22T12:13:36","slug":"startup-beratung","status":"publish","type":"page","link":"https:\/\/startup-loft.com\/?page_id=269","title":{"rendered":"Startup Beratung"},"content":{"rendered":"<p>[et_pb_section fb_built=&#8220;1&#8243; fullwidth=&#8220;on&#8220; _builder_version=&#8220;4.4.8&#8243;][et_pb_fullwidth_header title=&#8220;Startup Beratung von echten Gr\u00fcndern&#8220; button_one_text=&#8220;Lerne uns kennen&#8220; button_one_url=&#8220;https:\/\/startup-loft.com\/bewerbung\/&#8220; _builder_version=&#8220;4.4.8&#8243; background_color=&#8220;#02c9e6&#8243; background_enable_image=&#8220;off&#8220;]<\/p>\n<p>Mit deinem Startup durchstarten? Ein guter Plan! Wir begleiten Startups auf ihrem Weg zum Erfolg. Was uns ausmacht: Wir sind selbst Gr\u00fcnder, und nicht nur Coaches.<\/p>\n<p>[\/et_pb_fullwidth_header][\/et_pb_section][et_pb_section fb_built=&#8220;1&#8243; _builder_version=&#8220;4.4.8&#8243; custom_padding=&#8220;||54px|||&#8220;][et_pb_row _builder_version=&#8220;4.4.8&#8243; custom_padding=&#8220;70px|||||&#8220;][et_pb_column type=&#8220;4_4&#8243; _builder_version=&#8220;4.4.8&#8243;][et_pb_text _builder_version=&#8220;4.4.8&#8243; custom_margin=&#8220;||100px|||&#8220; custom_padding=&#8220;||50px|||&#8220;]<\/p>\n<h2 class=\"elementor-heading-title elementor-size-default\" style=\"text-align: left;\">Selbstst\u00e4ndigkeit: Eine tolle Sache, aber kein Zuckerschlecken<\/h2>\n<p style=\"text-align: left;\">Wir wissen aus eigener Erfahrung: Eer Weg in die Selbstst\u00e4ndigkeit ist alles andere als leicht. Doch wir verstehen genauso gut deinen Antrieb: Das Leben selbst in die Hand nehmen. Verantwortung zu \u00fcbernehmen &amp; zu gestalten. Lasse dich nicht entmutigen, wenn es mal nicht rund l\u00e4uft.<\/p>\n<p style=\"text-align: left;\">Im Rahmen unserer Startup Beratung helfen wir dir, deinen Traum zu verwirklichen. Dabei erh\u00e4ltst du Erfahrungen aus erster Hand: Das Startup Loft besteht aus echten Gr\u00fcndern, die echte Unternehmen gegr\u00fcndet haben. Wir sind nicht irgendwelche Coaches, die selbst noch nie ein Unternehmen aufgebaut haben.<\/p>\n<p>[\/et_pb_text][et_pb_text _builder_version=&#8220;4.4.8&#8243;]<\/p>\n<h2 class=\"elementor-heading-title elementor-size-default\" style=\"text-align: center;\">Beratung f\u00fcr Startups &amp; Ideentr\u00e4ger<\/h2>\n<p style=\"text-align: center;\">[\/et_pb_text][\/et_pb_column][\/et_pb_row][et_pb_row column_structure=&#8220;1_2,1_2&#8243; _builder_version=&#8220;4.4.8&#8243; custom_padding=&#8220;||70px|||&#8220;][et_pb_column type=&#8220;1_2&#8243; _builder_version=&#8220;4.4.8&#8243;][et_pb_image src=&#8220;https:\/\/startup-loft.com\/wp-content\/uploads\/2020\/07\/junger-gr\u00fcnder.jpg&#8220; alt=&#8220;startup beratung gr\u00fcnder&#8220; title_text=&#8220;junger-gr\u00fcnder&#8220; _builder_version=&#8220;4.4.8&#8243; box_shadow_style=&#8220;preset1&#8243;][\/et_pb_image][\/et_pb_column][et_pb_column type=&#8220;1_2&#8243; _builder_version=&#8220;4.4.8&#8243;][et_pb_text _builder_version=&#8220;4.4.8&#8243; custom_margin=&#8220;110px|||||&#8220; custom_margin_tablet=&#8220;20px||||false|false&#8220; custom_margin_phone=&#8220;&#8220; custom_margin_last_edited=&#8220;on|phone&#8220;]<\/p>\n<p><span>Dein Startup hat den Gr\u00fcndungsprozess bereits durchlaufen, und ist bereits am Markt aktiv? Damit hast du bereits eine gro\u00dfe H\u00fcrde gemeistert. Wir beraten Startups auf ihrem Weg zu Wachstum &amp; Erfolg.<\/span><\/p>\n<p>[\/et_pb_text][\/et_pb_column][\/et_pb_row][et_pb_row column_structure=&#8220;1_2,1_2&#8243; _builder_version=&#8220;4.4.8&#8243; custom_padding=&#8220;||70px|||&#8220; overflow-x_tablet=&#8220;&#8220; overflow-x_phone=&#8220;&#8220; overflow-x_last_edited=&#8220;on|phone&#8220;][et_pb_column type=&#8220;1_2&#8243; _builder_version=&#8220;4.4.8&#8243;][et_pb_text _builder_version=&#8220;4.4.8&#8243; custom_margin=&#8220;110px|||||&#8220;]<\/p>\n<p><span>Auf der Suche nach Finanzierungsm\u00f6glichkeiten? Wir bieten dir ein umfangreiches Netzwerk an Investoren, um deinem Startup den notwendigen Schub zu verleihen.<\/span><\/p>\n<p>[\/et_pb_text][\/et_pb_column][et_pb_column type=&#8220;1_2&#8243; _builder_version=&#8220;4.4.8&#8243;][et_pb_image src=&#8220;https:\/\/startup-loft.com\/wp-content\/uploads\/2020\/07\/chart-2785979_640.jpg&#8220; alt=&#8220;finanzierung startup&#8220; title_text=&#8220;finanzierung startup&#8220; _builder_version=&#8220;4.4.8&#8243; box_shadow_style=&#8220;preset1&#8243;][\/et_pb_image][\/et_pb_column][\/et_pb_row][et_pb_row column_structure=&#8220;1_2,1_2&#8243; _builder_version=&#8220;4.4.8&#8243;][et_pb_column type=&#8220;1_2&#8243; disabled_on=&#8220;on|on|off&#8220; _builder_version=&#8220;4.4.8&#8243;][et_pb_image src=&#8220;https:\/\/startup-loft.com\/wp-content\/uploads\/2020\/07\/startup-593304_1920-1024&#215;574-1.jpg&#8220; alt=&#8220;loft-innen&#8220; title_text=&#8220;loft-innen&#8220; _builder_version=&#8220;4.4.8&#8243; box_shadow_style=&#8220;preset1&#8243;][\/et_pb_image][\/et_pb_column][et_pb_column type=&#8220;1_2&#8243; _builder_version=&#8220;4.4.8&#8243;][et_pb_text _builder_version=&#8220;4.4.8&#8243; custom_margin=&#8220;76px|||||&#8220; custom_margin_tablet=&#8220;&#8220; custom_margin_phone=&#8220;20px||||false|false&#8220; custom_margin_last_edited=&#8220;on|tablet&#8220;]<\/p>\n<p><span>Du hast eine geniale Idee, aber weist nicht wo du anfangen sollst? Wir k\u00f6nnen dich auch bei der Planung &amp; Vorbereitung unterst\u00fctzen. Nimm dir die Zeit, die n\u00f6tig ist. \u00dcberst\u00fcrzte Handlungen und mangelnde Planung sind einer der Hauptgr\u00fcnde f\u00fcr das Scheitern von Startups.<\/span><\/p>\n<p>[\/et_pb_text][\/et_pb_column][\/et_pb_row][\/et_pb_section][et_pb_section fb_built=&#8220;1&#8243; _builder_version=&#8220;4.4.8&#8243; background_color=&#8220;#f4f4f4&#8243;][et_pb_row _builder_version=&#8220;4.4.8&#8243;][et_pb_column type=&#8220;4_4&#8243; _builder_version=&#8220;4.4.8&#8243;][et_pb_text _builder_version=&#8220;4.4.8&#8243;]<\/p>\n<h2 class=\"elementor-heading-title elementor-size-default\">Wann ist eine Beratung sinnvoll?<\/h2>\n<p style=\"margin-top:20px;margin-bottom:20px;\">Eine Beratung f\u00fcr Startups ist immer dann sinvoll, wenn man selbst nicht mehr weiter weis. Das kann vielf\u00e4ltige Ursachen haben. Und diese sind nicht immer finanzieller Natur.<\/p>\n<ul>\n<li><strong>Das Gr\u00fcnderteam harmoniert nicht<\/strong>. Der gro\u00dfe Nachteil bei Gr\u00fcnderteams von mehreren Personen ist die menschliche Natur. Jeder hat seine individuellen Vorstellungen &amp; W\u00fcnsche, und jeder m\u00f6chte seinen Kopf durchsetzen. Konflikte innerhalb des Gr\u00fcnderteams sind Gift f\u00fcr einen effizienten Arbeitsablauf. Kommt man hier auf keinen gemeinsamen Nenner, sollte man sich schnellstens Hilfe suchen.<\/li>\n<li><strong>Chaotische Arbeitsprozesse<\/strong>. Strukturierte Arbeitsabl\u00e4ufe und strategisches Vorgehen sind essenziell f\u00fcr Startups auf dem Weg zum Erfolg. Wir beraten junge Unternehmen auch dabei, wie sie professionelle interne Strukturen aufbauen.<\/li>\n<li><strong>F\u00f6rderungen &amp; Zusch\u00fcsse<\/strong>. F\u00fcr Startups gibt es in Deutschland diverse Zusch\u00fcsse und Starthilfen. Allerdings nicht ohne b\u00fcrokratischen Aufwand. Wir kennen diese Abl\u00e4ufe bereits aus eigener Erfahrung und unterst\u00fctzen dich bei der Antragstellung.<\/li>\n<li><strong>Idee Ja, Plan Nein<\/strong>. Eine gute Idee ist die Grundlage f\u00fcr den Erfolg deiner Gr\u00fcndung. Doch sie allein reicht nicht: Von der Idee zum erfolgreichen Unternehmen ist es ein langer &amp; harter Weg. Wir unterst\u00fctzen Ideentr\u00e4ger in der Planung, im Gr\u00fcndungsprozess, und bei der Umsetzung.<\/li>\n<\/ul>\n<p>[\/et_pb_text][et_pb_text _builder_version=&#8220;4.4.8&#8243;]<\/p>\n<h2 class=\"elementor-heading-title elementor-size-default\">Warum das Startup Loft?<\/h2>\n<p style=\"margin-top: 20px; margin-bottom: 20px;\">Das Startup Loft ist ein Inkubator &amp; Coworkingspace mit Sitz in Magdeburg. Was unsere Startup Beratung auszeichnet? Unser Team besteht aus echten Gr\u00fcndern, die vorrangig in digitalen Gesch\u00e4ftsmodellen aktiv sind. Wir betreiben Online-Marktpl\u00e4tze, und betreuen Kunden im Bereich Webdesign, Webdevelopment und Suchmaschinenoptimierung.<\/p>\n<p> Wir alle haben den Prozess der Gr\u00fcndung live durchlebt, und kennen sowohl die W\u00fcnsche als auch die \u00c4ngste von Gr\u00fcndern. Unsere Beratung fu\u00dft auf langj\u00e4hrige Erfahrung im Unternehmertum.<\/p>\n<p style=\"margin-top: 20px; margin-bottom: 20px;\">Egal ob du noch in der Seed Phase steckst, <a href=\"https:\/\/startup-loft.com\/2020\/07\/13\/startup-finanzieren\/\">Finanzierungsm\u00f6glichkeiten via Venture Capital oder Business Angels suchst<\/a>, oder bereits ein funktionierendes Unternehmen aufgebaut hast. Wir sind immer f\u00fcr ein Kennenlernen offen!<\/p>\n<p>[\/et_pb_text][\/et_pb_column][\/et_pb_row][\/et_pb_section][et_pb_section fb_built=&#8220;1&#8243; _builder_version=&#8220;4.4.8&#8243; background_color=&#8220;#02c9e6&#8243; global_module=&#8220;489&#8243;][et_pb_row _builder_version=&#8220;4.4.8&#8243;][et_pb_column type=&#8220;4_4&#8243; _builder_version=&#8220;4.4.8&#8243;][et_pb_text _builder_version=&#8220;4.4.8&#8243; header_2_text_color=&#8220;#ffffff&#8220;]<\/p>\n<h2>Kontaktformular<\/h2>\n<p>[\/et_pb_text][et_pb_contact_form email=&#8220;info@startup-loft.com&#8220; custom_message=&#8220;Neue Nachricht von startup-loft.com!||et_pb_line_break_holder||||et_pb_line_break_holder||Name: %%Name%%||et_pb_line_break_holder||Email: %%Email%%||et_pb_line_break_holder||||et_pb_line_break_holder||Betreff: %%ident%%||et_pb_line_break_holder||||et_pb_line_break_holder||Nachricht: %%Message%%&#8220; success_message=&#8220;Vielen Dank f\u00fcr deine Nachricht! Wir melden uns schnellstm\u00f6glich bei dir zur\u00fcck.&#8220; _builder_version=&#8220;4.4.8&#8243; captcha_text_color=&#8220;#ffffff&#8220; custom_button=&#8220;on&#8220; button_text_color=&#8220;#fcfcfc&#8220; button_use_icon=&#8220;off&#8220;][et_pb_contact_field field_id=&#8220;Name&#8220; field_title=&#8220;Name&#8220; _builder_version=&#8220;3.16&#8243; button_text_size__hover_enabled=&#8220;off&#8220; button_one_text_size__hover_enabled=&#8220;off&#8220; button_two_text_size__hover_enabled=&#8220;off&#8220; button_text_color__hover_enabled=&#8220;off&#8220; button_one_text_color__hover_enabled=&#8220;off&#8220; button_two_text_color__hover_enabled=&#8220;off&#8220; button_border_width__hover_enabled=&#8220;off&#8220; button_one_border_width__hover_enabled=&#8220;off&#8220; button_two_border_width__hover_enabled=&#8220;off&#8220; button_border_color__hover_enabled=&#8220;off&#8220; button_one_border_color__hover_enabled=&#8220;off&#8220; button_two_border_color__hover_enabled=&#8220;off&#8220; button_border_radius__hover_enabled=&#8220;off&#8220; button_one_border_radius__hover_enabled=&#8220;off&#8220; button_two_border_radius__hover_enabled=&#8220;off&#8220; button_letter_spacing__hover_enabled=&#8220;off&#8220; button_one_letter_spacing__hover_enabled=&#8220;off&#8220; button_two_letter_spacing__hover_enabled=&#8220;off&#8220; button_bg_color__hover_enabled=&#8220;off&#8220; button_one_bg_color__hover_enabled=&#8220;off&#8220; button_two_bg_color__hover_enabled=&#8220;off&#8220;][\/et_pb_contact_field][et_pb_contact_field field_id=&#8220;Email&#8220; field_title=&#8220;E-Mail-Adresse&#8220; field_type=&#8220;email&#8220; _builder_version=&#8220;3.16&#8243; button_text_size__hover_enabled=&#8220;off&#8220; button_one_text_size__hover_enabled=&#8220;off&#8220; button_two_text_size__hover_enabled=&#8220;off&#8220; button_text_color__hover_enabled=&#8220;off&#8220; button_one_text_color__hover_enabled=&#8220;off&#8220; button_two_text_color__hover_enabled=&#8220;off&#8220; button_border_width__hover_enabled=&#8220;off&#8220; button_one_border_width__hover_enabled=&#8220;off&#8220; button_two_border_width__hover_enabled=&#8220;off&#8220; button_border_color__hover_enabled=&#8220;off&#8220; button_one_border_color__hover_enabled=&#8220;off&#8220; button_two_border_color__hover_enabled=&#8220;off&#8220; button_border_radius__hover_enabled=&#8220;off&#8220; button_one_border_radius__hover_enabled=&#8220;off&#8220; button_two_border_radius__hover_enabled=&#8220;off&#8220; button_letter_spacing__hover_enabled=&#8220;off&#8220; button_one_letter_spacing__hover_enabled=&#8220;off&#8220; button_two_letter_spacing__hover_enabled=&#8220;off&#8220; button_bg_color__hover_enabled=&#8220;off&#8220; button_one_bg_color__hover_enabled=&#8220;off&#8220; button_two_bg_color__hover_enabled=&#8220;off&#8220;][\/et_pb_contact_field][et_pb_contact_field field_id=&#8220;ident&#8220; field_title=&#8220;Ich bin&#8220; field_type=&#8220;select&#8220; select_options=&#8220;%91{%22value%22:%22Interessent%22,%22checked%22:0,%22dragID%22:-1},{%22dragID%22:0,%22value%22:%22Entrepreneur%22,%22checked%22:0},{%22dragID%22:1,%22value%22:%22Startup%22,%22checked%22:0},{%22dragID%22:2,%22value%22:%22Mentor%22,%22checked%22:0},{%22dragID%22:3,%22value%22:%22Investor%22,%22checked%22:0}%93&#8243; fullwidth_field=&#8220;on&#8220; _builder_version=&#8220;4.4.8&#8243;][\/et_pb_contact_field][et_pb_contact_field field_id=&#8220;Message&#8220; field_title=&#8220;Anschreiben&#8220; field_type=&#8220;text&#8220; fullwidth_field=&#8220;on&#8220; _builder_version=&#8220;4.4.8&#8243; button_text_size__hover_enabled=&#8220;off&#8220; button_one_text_size__hover_enabled=&#8220;off&#8220; button_two_text_size__hover_enabled=&#8220;off&#8220; button_text_color__hover_enabled=&#8220;off&#8220; button_one_text_color__hover_enabled=&#8220;off&#8220; button_two_text_color__hover_enabled=&#8220;off&#8220; button_border_width__hover_enabled=&#8220;off&#8220; button_one_border_width__hover_enabled=&#8220;off&#8220; button_two_border_width__hover_enabled=&#8220;off&#8220; button_border_color__hover_enabled=&#8220;off&#8220; button_one_border_color__hover_enabled=&#8220;off&#8220; button_two_border_color__hover_enabled=&#8220;off&#8220; button_border_radius__hover_enabled=&#8220;off&#8220; button_one_border_radius__hover_enabled=&#8220;off&#8220; button_two_border_radius__hover_enabled=&#8220;off&#8220; button_letter_spacing__hover_enabled=&#8220;off&#8220; button_one_letter_spacing__hover_enabled=&#8220;off&#8220; button_two_letter_spacing__hover_enabled=&#8220;off&#8220; button_bg_color__hover_enabled=&#8220;off&#8220; button_one_bg_color__hover_enabled=&#8220;off&#8220; button_two_bg_color__hover_enabled=&#8220;off&#8220;][\/et_pb_contact_field][\/et_pb_contact_form][\/et_pb_column][\/et_pb_row][\/et_pb_section]<\/p>\n","protected":false},"excerpt":{"rendered":"<p>Mit deinem Startup durchstarten? Ein guter Plan! Wir begleiten Startups auf ihrem Weg zum Erfolg. Was uns ausmacht: Wir sind selbst Gr\u00fcnder, und nicht nur Coaches.Selbstst\u00e4ndigkeit: Eine tolle Sache, aber kein Zuckerschlecken Wir wissen aus eigener Erfahrung: Eer Weg in die Selbstst\u00e4ndigkeit ist alles andere als leicht. Doch wir verstehen genauso gut deinen Antrieb: Das [&hellip;]<\/p>\n","protected":false},"author":2,"featured_media":0,"parent":0,"menu_order":0,"comment_status":"closed","ping_status":"closed","template":"","meta":{"_et_pb_use_builder":"on","_et_pb_old_content":"","_et_gb_content_width":"","footnotes":""},"class_list":["post-269","page","type-page","status-publish","hentry"],"yoast_head":"<!-- This site is optimized with the Yoast SEO plugin v25.4 - https:\/\/yoast.com\/wordpress\/plugins\/seo\/ -->\n<title>Startup Beratung - Startup Loft - Inkubator &amp; Company Builder<\/title>\n<meta name=\"description\" content=\"Beratung f\u00fcr Startups mit Fokus auf digitalen Gesch\u00e4ftsmodellen - Von Gr\u00fcndern f\u00fcr Gr\u00fcnder. Jetzt informieren im Startup Loft Magdeburg\" \/>\n<meta name=\"robots\" content=\"index, follow, max-snippet:-1, max-image-preview:large, max-video-preview:-1\" \/>\n<link rel=\"canonical\" href=\"https:\/\/startup-loft.com\/?page_id=269\" \/>\n<meta property=\"og:locale\" content=\"de_DE\" \/>\n<meta property=\"og:type\" content=\"article\" \/>\n<meta property=\"og:title\" content=\"Startup Beratung - Startup Loft - Inkubator &amp; Company Builder\" \/>\n<meta property=\"og:description\" content=\"Beratung f\u00fcr Startups mit Fokus auf digitalen Gesch\u00e4ftsmodellen - Von Gr\u00fcndern f\u00fcr Gr\u00fcnder. Jetzt informieren im Startup Loft Magdeburg\" \/>\n<meta property=\"og:url\" content=\"https:\/\/startup-loft.com\/?page_id=269\" \/>\n<meta property=\"og:site_name\" content=\"Startup Loft - Inkubator &amp; Company Builder\" \/>\n<meta property=\"article:modified_time\" content=\"2021-02-22T12:13:36+00:00\" \/>\n<meta name=\"twitter:card\" content=\"summary_large_image\" \/>\n<meta name=\"twitter:label1\" content=\"Gesch\u00e4tzte Lesezeit\" \/>\n\t<meta name=\"twitter:data1\" content=\"8\u00a0Minuten\" \/>\n<script type=\"application\/ld+json\" class=\"yoast-schema-graph\">{\"@context\":\"https:\/\/schema.org\",\"@graph\":[{\"@type\":\"WebPage\",\"@id\":\"https:\/\/startup-loft.com\/?page_id=269\",\"url\":\"https:\/\/startup-loft.com\/?page_id=269\",\"name\":\"Startup Beratung - Startup Loft - Inkubator &amp; Company Builder\",\"isPartOf\":{\"@id\":\"https:\/\/startup-loft.com\/#website\"},\"datePublished\":\"2020-07-09T12:56:13+00:00\",\"dateModified\":\"2021-02-22T12:13:36+00:00\",\"description\":\"Beratung f\u00fcr Startups mit Fokus auf digitalen Gesch\u00e4ftsmodellen - Von Gr\u00fcndern f\u00fcr Gr\u00fcnder. Jetzt informieren im Startup Loft Magdeburg\",\"breadcrumb\":{\"@id\":\"https:\/\/startup-loft.com\/?page_id=269#breadcrumb\"},\"inLanguage\":\"de\",\"potentialAction\":[{\"@type\":\"ReadAction\",\"target\":[\"https:\/\/startup-loft.com\/?page_id=269\"]}]},{\"@type\":\"BreadcrumbList\",\"@id\":\"https:\/\/startup-loft.com\/?page_id=269#breadcrumb\",\"itemListElement\":[{\"@type\":\"ListItem\",\"position\":1,\"name\":\"Startseite\",\"item\":\"https:\/\/startup-loft.com\/\"},{\"@type\":\"ListItem\",\"position\":2,\"name\":\"Startup Beratung\"}]},{\"@type\":\"WebSite\",\"@id\":\"https:\/\/startup-loft.com\/#website\",\"url\":\"https:\/\/startup-loft.com\/\",\"name\":\"Startup Loft - Inkubator &amp; Company Builder\",\"description\":\"Startup Loft in Magdeburg\",\"potentialAction\":[{\"@type\":\"SearchAction\",\"target\":{\"@type\":\"EntryPoint\",\"urlTemplate\":\"https:\/\/startup-loft.com\/?s={search_term_string}\"},\"query-input\":{\"@type\":\"PropertyValueSpecification\",\"valueRequired\":true,\"valueName\":\"search_term_string\"}}],\"inLanguage\":\"de\"}]}<\/script>\n<!-- \/ Yoast SEO plugin. -->","yoast_head_json":{"title":"Startup Beratung - Startup Loft - Inkubator &amp; Company Builder","description":"Beratung f\u00fcr Startups mit Fokus auf digitalen Gesch\u00e4ftsmodellen - Von Gr\u00fcndern f\u00fcr Gr\u00fcnder. Jetzt informieren im Startup Loft Magdeburg","robots":{"index":"index","follow":"follow","max-snippet":"max-snippet:-1","max-image-preview":"max-image-preview:large","max-video-preview":"max-video-preview:-1"},"canonical":"https:\/\/startup-loft.com\/?page_id=269","og_locale":"de_DE","og_type":"article","og_title":"Startup Beratung - Startup Loft - Inkubator &amp; Company Builder","og_description":"Beratung f\u00fcr Startups mit Fokus auf digitalen Gesch\u00e4ftsmodellen - Von Gr\u00fcndern f\u00fcr Gr\u00fcnder. Jetzt informieren im Startup Loft Magdeburg","og_url":"https:\/\/startup-loft.com\/?page_id=269","og_site_name":"Startup Loft - Inkubator &amp; Company Builder","article_modified_time":"2021-02-22T12:13:36+00:00","twitter_card":"summary_large_image","twitter_misc":{"Gesch\u00e4tzte Lesezeit":"8\u00a0Minuten"},"schema":{"@context":"https:\/\/schema.org","@graph":[{"@type":"WebPage","@id":"https:\/\/startup-loft.com\/?page_id=269","url":"https:\/\/startup-loft.com\/?page_id=269","name":"Startup Beratung - Startup Loft - Inkubator &amp; Company Builder","isPartOf":{"@id":"https:\/\/startup-loft.com\/#website"},"datePublished":"2020-07-09T12:56:13+00:00","dateModified":"2021-02-22T12:13:36+00:00","description":"Beratung f\u00fcr Startups mit Fokus auf digitalen Gesch\u00e4ftsmodellen - Von Gr\u00fcndern f\u00fcr Gr\u00fcnder. Jetzt informieren im Startup Loft Magdeburg","breadcrumb":{"@id":"https:\/\/startup-loft.com\/?page_id=269#breadcrumb"},"inLanguage":"de","potentialAction":[{"@type":"ReadAction","target":["https:\/\/startup-loft.com\/?page_id=269"]}]},{"@type":"BreadcrumbList","@id":"https:\/\/startup-loft.com\/?page_id=269#breadcrumb","itemListElement":[{"@type":"ListItem","position":1,"name":"Startseite","item":"https:\/\/startup-loft.com\/"},{"@type":"ListItem","position":2,"name":"Startup Beratung"}]},{"@type":"WebSite","@id":"https:\/\/startup-loft.com\/#website","url":"https:\/\/startup-loft.com\/","name":"Startup Loft - Inkubator &amp; Company Builder","description":"Startup Loft in Magdeburg","potentialAction":[{"@type":"SearchAction","target":{"@type":"EntryPoint","urlTemplate":"https:\/\/startup-loft.com\/?s={search_term_string}"},"query-input":{"@type":"PropertyValueSpecification","valueRequired":true,"valueName":"search_term_string"}}],"inLanguage":"de"}]}},"_links":{"self":[{"href":"https:\/\/startup-loft.com\/index.php?rest_route=\/wp\/v2\/pages\/269","targetHints":{"allow":["GET"]}}],"collection":[{"href":"https:\/\/startup-loft.com\/index.php?rest_route=\/wp\/v2\/pages"}],"about":[{"href":"https:\/\/startup-loft.com\/index.php?rest_route=\/wp\/v2\/types\/page"}],"author":[{"embeddable":true,"href":"https:\/\/startup-loft.com\/index.php?rest_route=\/wp\/v2\/users\/2"}],"replies":[{"embeddable":true,"href":"https:\/\/startup-loft.com\/index.php?rest_route=%2Fwp%2Fv2%2Fcomments&post=269"}],"version-history":[{"count":1,"href":"https:\/\/startup-loft.com\/index.php?rest_route=\/wp\/v2\/pages\/269\/revisions"}],"predecessor-version":[{"id":490,"href":"https:\/\/startup-loft.com\/index.php?rest_route=\/wp\/v2\/pages\/269\/revisions\/490"}],"wp:attachment":[{"href":"https:\/\/startup-loft.com\/index.php?rest_route=%2Fwp%2Fv2%2Fmedia&parent=269"}],"curies":[{"name":"wp","href":"https:\/\/api.w.org\/{rel}","templated":true}]}}