{"id":294,"date":"2020-07-09T15:14:21","date_gmt":"2020-07-09T13:14:21","guid":{"rendered":"https:\/\/startup-loft.com\/?page_id=294"},"modified":"2021-02-22T13:10:30","modified_gmt":"2021-02-22T12:10:30","slug":"bewerbung","status":"publish","type":"page","link":"https:\/\/startup-loft.com\/?page_id=294","title":{"rendered":"Bewerbung"},"content":{"rendered":"<p>[et_pb_section fb_built=&#8220;1&#8243; _builder_version=&#8220;4.4.8&#8243;][et_pb_row _builder_version=&#8220;4.4.8&#8243; background_enable_color=&#8220;off&#8220; border_color_bottom=&#8220;#02c9e6&#8243; border_style_bottom=&#8220;none&#8220;][et_pb_column type=&#8220;4_4&#8243; _builder_version=&#8220;4.4.8&#8243;][et_pb_text _builder_version=&#8220;4.4.8&#8243; custom_margin=&#8220;||100px|||&#8220;]<\/p>\n<h1 style=\"text-align: center;\">Bewerbung<\/h1>\n<p style=\"text-align: center;\">Deine Bewerbung f\u00fcr das Startup Loft. Wir freuen uns auf dich!<\/p>\n<p>[\/et_pb_text][\/et_pb_column][\/et_pb_row][et_pb_row column_structure=&#8220;1_3,1_3,1_3&#8243; _builder_version=&#8220;4.4.8&#8243;][et_pb_column type=&#8220;1_3&#8243; _builder_version=&#8220;4.4.8&#8243;][et_pb_blurb title=&#8220;F\u00fcr Gr\u00fcnderteams &#038; Startups&#8220; image=&#8220;https:\/\/startup-loft.com\/wp-content\/uploads\/2020\/07\/IMG_0241.jpeg&#8220; alt=&#8220;startup meeting&#8220; _builder_version=&#8220;4.4.8&#8243; header_level=&#8220;h2&#8243; hover_enabled=&#8220;0&#8243; title_text=&#8220;startup loft team&#8220;]<\/p>\n<p>Ihr seid ein vollst\u00e4ndiges Gr\u00fcnderteam mit einer konkreten Gesch\u00e4ftsidee (Seed-Phase) oder ein bereits existierendes Startup, das die Markteinf\u00fchrung bereits abgeschlossen habt? Euer Business Case ist in den Bereichen Automotive \/ Mobility \/ E-Commerce angesiedelt? Ihr kommt aus Magdeburg oder seid bereit, euren Sitz nach Magdeburg zu verlegen?<\/p>\n<p>Dann k\u00f6nnt ihr euch hier f\u00fcr die Aufnahme in unseren Inkubator bewerben. Neben einem aussagekr\u00e4ftigen Pitch Deck (Deutsch oder Englisch) f\u00fcgt bitte auch konkrete Kennzahlen zu eurem (geplanten) Business Case und Hintergrundinformationen zum Gr\u00fcnderteam hinzu.<\/p>\n<p style=\"margin-bottom: 20px;\">Wir wollen u.a. von euch wissen:<\/p>\n<ul>\n<li>Wer seid ihr und woher kommt ihr?<\/li>\n<li>Seit wann existiert eure Idee?<\/li>\n<li>Was macht eure Idee einzigartig &amp; wertvoll? (USP)<\/li>\n<li>Gibt es bereits Kunden?<\/li>\n<li>Wie ist euer Modell bisher finanziert?<\/li>\n<li>Welchen Kapitalbedarf seht ihr f\u00fcr die kommenden 3 Jahre?<\/li>\n<li>Welche Erwartungen verkn\u00fcpft ihr mit dieser Bewerbung?<\/li>\n<li>Wo seht ihr euch selbst in 3 Jahren?<\/li>\n<\/ul>\n<p>[\/et_pb_blurb][\/et_pb_column][et_pb_column type=&#8220;1_3&#8243; _builder_version=&#8220;4.4.8&#8243;][et_pb_blurb title=&#8220;F\u00fcr Entrepreneure&#8220; image=&#8220;https:\/\/startup-loft.com\/wp-content\/uploads\/2021\/02\/IMG_20210115_114430-scaled.jpg&#8220; alt=&#8220;entrepreneur steffen raebricht&#8220; _builder_version=&#8220;4.4.8&#8243; header_level=&#8220;h2&#8243; hover_enabled=&#8220;0&#8243; title_text=&#8220;entrepreneur-steffen-raebricht&#8220;]<\/p>\n<p>Ihr spielt mit dem Gedanken einer Unternehmensgr\u00fcndung oder w\u00fcrdet gern an einer mitwirken? Euch fehlen bisher noch Partner und\/oder Know-How zur Marktreife eures Produktes oder ihr habt gar noch gar keine konkrete Idee? Ihr habt euren Lebensmittelpunkt in Magdeburg?<\/p>\n<p style=\"margin-bottom: 20px;\">Dann bewerbt euch hier f\u00fcr die Mitarbeit in unserem Company Builder. Neben eurer Bio m\u00f6chten wir in einem knackigen Motivationsschreiben gerne eine paar Dinge \u00fcber euch erfahren:<\/p>\n<ul>\n<li>Seid ihr Alumna\/-us? Welchen akademischen Background habt ihr?<\/li>\n<li>Habt ihr Vorerfahrungen im Entrepreneurship?<\/li>\n<li>Welches spezifische Knowhow bringt ihr mit?<\/li>\n<li>Welches Zeitkontingent bringt ihr w\u00f6chentlich mit?<\/li>\n<li>Wo seht ihr euch pers\u00f6nlich in 3 Jahren?<\/li>\n<\/ul>\n<p>[\/et_pb_blurb][\/et_pb_column][et_pb_column type=&#8220;1_3&#8243; _builder_version=&#8220;4.4.8&#8243;][et_pb_blurb title=&#8220;F\u00fcr Mentoren, Investoren &#038; Business Angels&#8220; image=&#8220;https:\/\/startup-loft.com\/wp-content\/uploads\/2020\/07\/Blog_12-1024&#215;683-1.jpg&#8220; alt=&#8220;finanzierung startup&#8220; _builder_version=&#8220;4.4.8&#8243; header_level=&#8220;h2&#8243;]<\/p>\n<p style=\"margin-bottom: 20px;\">Wir freuen uns \u00fcber jede Unterst\u00fctzung unserer jungen Gr\u00fcnderteams mit Expertise, Know-how und Kapital. Im Gegenzug offerieren wir eine einmalige M\u00f6glichkeit, von diesen zu partizipieren. Um f\u00fcr beide Seiten m\u00f6gliche Unklarheiten schon im Vorfeld zu vermeiden, freuen wir uns auf ein paar zus\u00e4tzliche Informationen:<\/p>\n<ul>\n<li>Welche Form der Beteiligung wird angestrebt? (Know-How? Investment? Beides?)<\/li>\n<li>Welcher zeitliche \/ finanzielle Umfang einer Beteiligung ist realistisch?<\/li>\n<li>Aus welcher Branche stammt die Expertise?<\/li>\n<li>Welche Erwartungen werden an die Gr\u00fcnder gestellt?<\/li>\n<\/ul>\n<p>[\/et_pb_blurb][\/et_pb_column][\/et_pb_row][\/et_pb_section][et_pb_section fb_built=&#8220;1&#8243; _builder_version=&#8220;4.4.8&#8243; background_color=&#8220;#02c9e6&#8243;][et_pb_row _builder_version=&#8220;4.4.8&#8243;][et_pb_column type=&#8220;4_4&#8243; _builder_version=&#8220;4.4.8&#8243;][et_pb_text _builder_version=&#8220;4.4.8&#8243; header_2_text_color=&#8220;#ffffff&#8220;]<\/p>\n<h2>Kontaktformular<\/h2>\n<p>[\/et_pb_text][et_pb_contact_form email=&#8220;info@startup-loft.com&#8220; custom_message=&#8220;Neue Nachricht von startup-loft.com!||et_pb_line_break_holder||||et_pb_line_break_holder||Name: %%Name%%||et_pb_line_break_holder||Email: %%Email%%||et_pb_line_break_holder||||et_pb_line_break_holder||Betreff: %%ident%%||et_pb_line_break_holder||||et_pb_line_break_holder||Nachricht: %%Message%%&#8220; success_message=&#8220;Vielen Dank f\u00fcr deine Nachricht! Wir melden uns schnellstm\u00f6glich bei dir zur\u00fcck.&#8220; _builder_version=&#8220;4.4.8&#8243; captcha_text_color=&#8220;#ffffff&#8220; custom_button=&#8220;on&#8220; button_text_color=&#8220;#fcfcfc&#8220; button_use_icon=&#8220;off&#8220;][et_pb_contact_field field_id=&#8220;Name&#8220; field_title=&#8220;Name&#8220; _builder_version=&#8220;3.16&#8243; button_text_size__hover_enabled=&#8220;off&#8220; button_one_text_size__hover_enabled=&#8220;off&#8220; button_two_text_size__hover_enabled=&#8220;off&#8220; button_text_color__hover_enabled=&#8220;off&#8220; button_one_text_color__hover_enabled=&#8220;off&#8220; button_two_text_color__hover_enabled=&#8220;off&#8220; button_border_width__hover_enabled=&#8220;off&#8220; button_one_border_width__hover_enabled=&#8220;off&#8220; button_two_border_width__hover_enabled=&#8220;off&#8220; button_border_color__hover_enabled=&#8220;off&#8220; button_one_border_color__hover_enabled=&#8220;off&#8220; button_two_border_color__hover_enabled=&#8220;off&#8220; button_border_radius__hover_enabled=&#8220;off&#8220; button_one_border_radius__hover_enabled=&#8220;off&#8220; button_two_border_radius__hover_enabled=&#8220;off&#8220; button_letter_spacing__hover_enabled=&#8220;off&#8220; button_one_letter_spacing__hover_enabled=&#8220;off&#8220; button_two_letter_spacing__hover_enabled=&#8220;off&#8220; button_bg_color__hover_enabled=&#8220;off&#8220; button_one_bg_color__hover_enabled=&#8220;off&#8220; button_two_bg_color__hover_enabled=&#8220;off&#8220;][\/et_pb_contact_field][et_pb_contact_field field_id=&#8220;Email&#8220; field_title=&#8220;E-Mail-Adresse&#8220; field_type=&#8220;email&#8220; _builder_version=&#8220;3.16&#8243; button_text_size__hover_enabled=&#8220;off&#8220; button_one_text_size__hover_enabled=&#8220;off&#8220; button_two_text_size__hover_enabled=&#8220;off&#8220; button_text_color__hover_enabled=&#8220;off&#8220; button_one_text_color__hover_enabled=&#8220;off&#8220; button_two_text_color__hover_enabled=&#8220;off&#8220; button_border_width__hover_enabled=&#8220;off&#8220; button_one_border_width__hover_enabled=&#8220;off&#8220; button_two_border_width__hover_enabled=&#8220;off&#8220; button_border_color__hover_enabled=&#8220;off&#8220; button_one_border_color__hover_enabled=&#8220;off&#8220; button_two_border_color__hover_enabled=&#8220;off&#8220; button_border_radius__hover_enabled=&#8220;off&#8220; button_one_border_radius__hover_enabled=&#8220;off&#8220; button_two_border_radius__hover_enabled=&#8220;off&#8220; button_letter_spacing__hover_enabled=&#8220;off&#8220; button_one_letter_spacing__hover_enabled=&#8220;off&#8220; button_two_letter_spacing__hover_enabled=&#8220;off&#8220; button_bg_color__hover_enabled=&#8220;off&#8220; button_one_bg_color__hover_enabled=&#8220;off&#8220; button_two_bg_color__hover_enabled=&#8220;off&#8220;][\/et_pb_contact_field][et_pb_contact_field field_id=&#8220;ident&#8220; field_title=&#8220;Ich bin&#8220; field_type=&#8220;select&#8220; select_options=&#8220;%91{%22value%22:%22Interessent%22,%22checked%22:0,%22dragID%22:-1},{%22dragID%22:0,%22value%22:%22Entrepreneur%22,%22checked%22:0},{%22dragID%22:1,%22value%22:%22Startup%22,%22checked%22:0},{%22dragID%22:2,%22value%22:%22Mentor%22,%22checked%22:0},{%22dragID%22:3,%22value%22:%22Investor%22,%22checked%22:0}%93&#8243; fullwidth_field=&#8220;on&#8220; _builder_version=&#8220;4.4.8&#8243;][\/et_pb_contact_field][et_pb_contact_field field_id=&#8220;Message&#8220; field_title=&#8220;Anschreiben&#8220; field_type=&#8220;text&#8220; fullwidth_field=&#8220;on&#8220; _builder_version=&#8220;4.4.8&#8243; button_text_size__hover_enabled=&#8220;off&#8220; button_one_text_size__hover_enabled=&#8220;off&#8220; button_two_text_size__hover_enabled=&#8220;off&#8220; button_text_color__hover_enabled=&#8220;off&#8220; button_one_text_color__hover_enabled=&#8220;off&#8220; button_two_text_color__hover_enabled=&#8220;off&#8220; button_border_width__hover_enabled=&#8220;off&#8220; button_one_border_width__hover_enabled=&#8220;off&#8220; button_two_border_width__hover_enabled=&#8220;off&#8220; button_border_color__hover_enabled=&#8220;off&#8220; button_one_border_color__hover_enabled=&#8220;off&#8220; button_two_border_color__hover_enabled=&#8220;off&#8220; button_border_radius__hover_enabled=&#8220;off&#8220; button_one_border_radius__hover_enabled=&#8220;off&#8220; button_two_border_radius__hover_enabled=&#8220;off&#8220; button_letter_spacing__hover_enabled=&#8220;off&#8220; button_one_letter_spacing__hover_enabled=&#8220;off&#8220; button_two_letter_spacing__hover_enabled=&#8220;off&#8220; button_bg_color__hover_enabled=&#8220;off&#8220; button_one_bg_color__hover_enabled=&#8220;off&#8220; button_two_bg_color__hover_enabled=&#8220;off&#8220;][\/et_pb_contact_field][\/et_pb_contact_form][\/et_pb_column][\/et_pb_row][\/et_pb_section]<\/p>\n","protected":false},"excerpt":{"rendered":"<p>Bewerbung Deine Bewerbung f\u00fcr das Startup Loft. Wir freuen uns auf dich!Ihr seid ein vollst\u00e4ndiges Gr\u00fcnderteam mit einer konkreten Gesch\u00e4ftsidee (Seed-Phase) oder ein bereits existierendes Startup, das die Markteinf\u00fchrung bereits abgeschlossen habt? Euer Business Case ist in den Bereichen Automotive \/ Mobility \/ E-Commerce angesiedelt? Ihr kommt aus Magdeburg oder seid bereit, euren Sitz nach [&hellip;]<\/p>\n","protected":false},"author":2,"featured_media":0,"parent":0,"menu_order":0,"comment_status":"closed","ping_status":"closed","template":"","meta":{"_et_pb_use_builder":"on","_et_pb_old_content":"","_et_gb_content_width":"","footnotes":""},"class_list":["post-294","page","type-page","status-publish","hentry"],"yoast_head":"<!-- This site is optimized with the Yoast SEO plugin v25.4 - https:\/\/yoast.com\/wordpress\/plugins\/seo\/ -->\n<title>Bewerbung - Startup Loft - Inkubator &amp; Company Builder<\/title>\n<meta name=\"robots\" content=\"index, follow, max-snippet:-1, max-image-preview:large, max-video-preview:-1\" \/>\n<link rel=\"canonical\" href=\"https:\/\/startup-loft.com\/?page_id=294\" \/>\n<meta property=\"og:locale\" content=\"de_DE\" \/>\n<meta property=\"og:type\" content=\"article\" \/>\n<meta property=\"og:title\" content=\"Bewerbung - Startup Loft - Inkubator &amp; Company Builder\" \/>\n<meta property=\"og:description\" content=\"Bewerbung Deine Bewerbung f\u00fcr das Startup Loft. Wir freuen uns auf dich!Ihr seid ein vollst\u00e4ndiges Gr\u00fcnderteam mit einer konkreten Gesch\u00e4ftsidee (Seed-Phase) oder ein bereits existierendes Startup, das die Markteinf\u00fchrung bereits abgeschlossen habt? Euer Business Case ist in den Bereichen Automotive \/ Mobility \/ E-Commerce angesiedelt? Ihr kommt aus Magdeburg oder seid bereit, euren Sitz nach [&hellip;]\" \/>\n<meta property=\"og:url\" content=\"https:\/\/startup-loft.com\/?page_id=294\" \/>\n<meta property=\"og:site_name\" content=\"Startup Loft - Inkubator &amp; Company Builder\" \/>\n<meta property=\"article:modified_time\" content=\"2021-02-22T12:10:30+00:00\" \/>\n<meta name=\"twitter:card\" content=\"summary_large_image\" \/>\n<meta name=\"twitter:label1\" content=\"Gesch\u00e4tzte Lesezeit\" \/>\n\t<meta name=\"twitter:data1\" content=\"6\u00a0Minuten\" \/>\n<script type=\"application\/ld+json\" class=\"yoast-schema-graph\">{\"@context\":\"https:\/\/schema.org\",\"@graph\":[{\"@type\":\"WebPage\",\"@id\":\"https:\/\/startup-loft.com\/?page_id=294\",\"url\":\"https:\/\/startup-loft.com\/?page_id=294\",\"name\":\"Bewerbung - Startup Loft - Inkubator &amp; Company Builder\",\"isPartOf\":{\"@id\":\"https:\/\/startup-loft.com\/#website\"},\"datePublished\":\"2020-07-09T13:14:21+00:00\",\"dateModified\":\"2021-02-22T12:10:30+00:00\",\"breadcrumb\":{\"@id\":\"https:\/\/startup-loft.com\/?page_id=294#breadcrumb\"},\"inLanguage\":\"de\",\"potentialAction\":[{\"@type\":\"ReadAction\",\"target\":[\"https:\/\/startup-loft.com\/?page_id=294\"]}]},{\"@type\":\"BreadcrumbList\",\"@id\":\"https:\/\/startup-loft.com\/?page_id=294#breadcrumb\",\"itemListElement\":[{\"@type\":\"ListItem\",\"position\":1,\"name\":\"Startseite\",\"item\":\"https:\/\/startup-loft.com\/\"},{\"@type\":\"ListItem\",\"position\":2,\"name\":\"Bewerbung\"}]},{\"@type\":\"WebSite\",\"@id\":\"https:\/\/startup-loft.com\/#website\",\"url\":\"https:\/\/startup-loft.com\/\",\"name\":\"Startup Loft - Inkubator &amp; Company Builder\",\"description\":\"Startup Loft in Magdeburg\",\"potentialAction\":[{\"@type\":\"SearchAction\",\"target\":{\"@type\":\"EntryPoint\",\"urlTemplate\":\"https:\/\/startup-loft.com\/?s={search_term_string}\"},\"query-input\":{\"@type\":\"PropertyValueSpecification\",\"valueRequired\":true,\"valueName\":\"search_term_string\"}}],\"inLanguage\":\"de\"}]}<\/script>\n<!-- \/ Yoast SEO plugin. -->","yoast_head_json":{"title":"Bewerbung - Startup Loft - Inkubator &amp; Company Builder","robots":{"index":"index","follow":"follow","max-snippet":"max-snippet:-1","max-image-preview":"max-image-preview:large","max-video-preview":"max-video-preview:-1"},"canonical":"https:\/\/startup-loft.com\/?page_id=294","og_locale":"de_DE","og_type":"article","og_title":"Bewerbung - Startup Loft - Inkubator &amp; Company Builder","og_description":"Bewerbung Deine Bewerbung f\u00fcr das Startup Loft. Wir freuen uns auf dich!Ihr seid ein vollst\u00e4ndiges Gr\u00fcnderteam mit einer konkreten Gesch\u00e4ftsidee (Seed-Phase) oder ein bereits existierendes Startup, das die Markteinf\u00fchrung bereits abgeschlossen habt? Euer Business Case ist in den Bereichen Automotive \/ Mobility \/ E-Commerce angesiedelt? Ihr kommt aus Magdeburg oder seid bereit, euren Sitz nach [&hellip;]","og_url":"https:\/\/startup-loft.com\/?page_id=294","og_site_name":"Startup Loft - Inkubator &amp; Company Builder","article_modified_time":"2021-02-22T12:10:30+00:00","twitter_card":"summary_large_image","twitter_misc":{"Gesch\u00e4tzte Lesezeit":"6\u00a0Minuten"},"schema":{"@context":"https:\/\/schema.org","@graph":[{"@type":"WebPage","@id":"https:\/\/startup-loft.com\/?page_id=294","url":"https:\/\/startup-loft.com\/?page_id=294","name":"Bewerbung - Startup Loft - Inkubator &amp; Company Builder","isPartOf":{"@id":"https:\/\/startup-loft.com\/#website"},"datePublished":"2020-07-09T13:14:21+00:00","dateModified":"2021-02-22T12:10:30+00:00","breadcrumb":{"@id":"https:\/\/startup-loft.com\/?page_id=294#breadcrumb"},"inLanguage":"de","potentialAction":[{"@type":"ReadAction","target":["https:\/\/startup-loft.com\/?page_id=294"]}]},{"@type":"BreadcrumbList","@id":"https:\/\/startup-loft.com\/?page_id=294#breadcrumb","itemListElement":[{"@type":"ListItem","position":1,"name":"Startseite","item":"https:\/\/startup-loft.com\/"},{"@type":"ListItem","position":2,"name":"Bewerbung"}]},{"@type":"WebSite","@id":"https:\/\/startup-loft.com\/#website","url":"https:\/\/startup-loft.com\/","name":"Startup Loft - Inkubator &amp; Company Builder","description":"Startup Loft in Magdeburg","potentialAction":[{"@type":"SearchAction","target":{"@type":"EntryPoint","urlTemplate":"https:\/\/startup-loft.com\/?s={search_term_string}"},"query-input":{"@type":"PropertyValueSpecification","valueRequired":true,"valueName":"search_term_string"}}],"inLanguage":"de"}]}},"_links":{"self":[{"href":"https:\/\/startup-loft.com\/index.php?rest_route=\/wp\/v2\/pages\/294","targetHints":{"allow":["GET"]}}],"collection":[{"href":"https:\/\/startup-loft.com\/index.php?rest_route=\/wp\/v2\/pages"}],"about":[{"href":"https:\/\/startup-loft.com\/index.php?rest_route=\/wp\/v2\/types\/page"}],"author":[{"embeddable":true,"href":"https:\/\/startup-loft.com\/index.php?rest_route=\/wp\/v2\/users\/2"}],"replies":[{"embeddable":true,"href":"https:\/\/startup-loft.com\/index.php?rest_route=%2Fwp%2Fv2%2Fcomments&post=294"}],"version-history":[{"count":1,"href":"https:\/\/startup-loft.com\/index.php?rest_route=\/wp\/v2\/pages\/294\/revisions"}],"predecessor-version":[{"id":488,"href":"https:\/\/startup-loft.com\/index.php?rest_route=\/wp\/v2\/pages\/294\/revisions\/488"}],"wp:attachment":[{"href":"https:\/\/startup-loft.com\/index.php?rest_route=%2Fwp%2Fv2%2Fmedia&parent=294"}],"curies":[{"name":"wp","href":"https:\/\/api.w.org\/{rel}","templated":true}]}}