{"id":496,"date":"2021-02-22T14:33:49","date_gmt":"2021-02-22T13:33:49","guid":{"rendered":"https:\/\/startup-loft.com\/?page_id=496"},"modified":"2022-01-03T15:06:31","modified_gmt":"2022-01-03T14:06:31","slug":"workation","status":"publish","type":"page","link":"https:\/\/startup-loft.com\/?page_id=496","title":{"rendered":"Startup Loft Workation"},"content":{"rendered":"<p>[et_pb_section fb_built=&#8220;1&#8243; fullwidth=&#8220;on&#8220; _builder_version=&#8220;4.4.8&#8243;][et_pb_fullwidth_header title=&#8220;Die Startup Loft Workation&#8220; button_one_text=&#8220;Jetzt teilnehmen!&#8220; button_one_url=&#8220;#bewerben&#8220; _builder_version=&#8220;4.4.8&#8243; title_text_color=&#8220;#02c9e6&#8243; background_enable_color=&#8220;off&#8220; background_image=&#8220;https:\/\/startup-loft.com\/wp-content\/uploads\/2021\/02\/IMG_20201201_161033-scaled.jpg&#8220; link_option_url=&#8220;https:\/\/startup-loft.com\/workation\/#bewerben&#8220;]<\/p>\n<p style=\"margin-top: 20px;\">Wir bringen f\u00fcr euch das Beste aus <span>Arbeit, Urlaub &amp; Entspannung<\/span> zusammen:<\/p>\n<p style=\"margin-top: 20px;\">Ein Erlebnis, dass dir garantiert kein anderer Inkubator bietet!<\/p>\n<p>[\/et_pb_fullwidth_header][\/et_pb_section][et_pb_section fb_built=&#8220;1&#8243; _builder_version=&#8220;4.4.8&#8243;][et_pb_row _builder_version=&#8220;4.4.8&#8243;][et_pb_column type=&#8220;4_4&#8243; _builder_version=&#8220;4.4.8&#8243;][et_pb_text _builder_version=&#8220;4.4.8&#8243;]<\/p>\n<h2>Workation = Arbeit und Urlaub?<\/h2>\n<p>&nbsp;<\/p>\n<p>Wolltest du schon immer einmal im Ausland arbeiten? Dann ist eine Workation genau das richtige f\u00fcr dich.<\/p>\n<p>Der Begriff bezeichnet die Verschmelzung aus den englischen Begriffen Work &amp; Vacation \u2013 Wir verbinden also Arbeit und Urlaub. Der Arbeitsplatz wird dann f\u00fcr einen gewissen Zeitraum in ein anderes Land verlagert, in welchem andere normalerweise Urlaub machen.<\/p>\n<p>Das Ergebnis ist die perfekte Kombination aus produktiver Arbeit and exotischen Orten, gemeinsamen Erlebnissen und inspirierenden Erfahrungen.\u00a0<\/p>\n<p>Einer der neusten Trends der Arbeitswelt erm\u00f6glicht es dir, dir einfach deinen Laptop zu schnappen und statt im Home Office zu sitzen, am Pool zu arbeiten oder im Coworking Space an einem Urlaubs-Ort.<\/p>\n<p>&nbsp;<\/p>\n<p>&nbsp;<\/p>\n<p>[\/et_pb_text][\/et_pb_column][\/et_pb_row][et_pb_row _builder_version=&#8220;4.4.8&#8243;][et_pb_column type=&#8220;4_4&#8243; _builder_version=&#8220;4.4.8&#8243;][et_pb_text _builder_version=&#8220;4.4.8&#8243;]<\/p>\n<h2>Der Ablauf\u00a0<\/h2>\n<p><span><\/span><\/p>\n<p><span>Das Startup Loft ist nicht dein typischer Workation Anbieter: Unser Ziel ist es immer <strong>neue Orte zu entdecken<\/strong> und <strong>uns mit jeder Reise weiterzuentwickeln<\/strong>. Bei diesem Erlebnis kommen die unterschiedlichsten Menschen zusammen: Gemeinsam mit unseren Team aus Mentoren, eigenen Gr\u00fcndern, aber auch externen Personen aus der Gr\u00fcnderszene machen wir uns auf den Weg zu einer Reise, die nicht nur euer Startup wachsen l\u00e4sst sondern vor allem eure Pers\u00f6nlichkeit! <strong>Remote Work und Urlaub &#8211; die perfekte Kombination. <\/strong><\/span><\/p>\n<p>Eine Workation ist immer sehr abwechslungsreich. Selbstverst\u00e4ndlich arbeiten wir, aber der Urlaub darf auch auf gar keinen Fall zu kurz kommen.<\/p>\n<p>Ganz gleich ob <strong>gemeinsame Arbeitssessions<\/strong>, <strong>au\u00dfergew\u00f6hnliche Erlebnisse<\/strong> oder <strong>kontinuierliche Workshops<\/strong> \u2013 Alles kann, nichts muss. Eine Startup Loft Workation ist mitunter einer der wichtigsten Meilensteine auf dem Weg zum erfolgreichen Startup-Gr\u00fcnder, definitiv aber ist sie ein Erlebnis, das man sein Leben lang nicht mehr vergisst.\u00a0\u00a0<\/p>\n<p>Wir unternehmen gerne die unterschiedlichsten Dinge: Vom Naturerlebnis mit vielen Wanderungen, \u00fcber Buggy fahren durch die Berge und auch das Anschauen touristischer Attraktionen. Dabei ist es auch immer unser Anspruch, dass das Team zusammenarbeitet und gemeinsam \u00fcber seine Grenzen hinausw\u00e4chst.<\/p>\n<p>&nbsp;<\/p>\n<p>&nbsp;<\/p>\n<p>[\/et_pb_text][\/et_pb_column][\/et_pb_row][et_pb_row column_structure=&#8220;1_4,1_4,1_4,1_4&#8243; make_equal=&#8220;on&#8220; _builder_version=&#8220;4.4.8&#8243;][et_pb_column type=&#8220;1_4&#8243; _builder_version=&#8220;4.4.8&#8243;][et_pb_image src=&#8220;https:\/\/startup-loft.com\/wp-content\/uploads\/2021\/02\/IMG_20201122_155153-scaled.jpg&#8220; title_text=&#8220;IMG_20201122_155153&#8243; _builder_version=&#8220;4.4.8&#8243;][\/et_pb_image][\/et_pb_column][et_pb_column type=&#8220;1_4&#8243; _builder_version=&#8220;4.4.8&#8243;][et_pb_image src=&#8220;https:\/\/startup-loft.com\/wp-content\/uploads\/2021\/02\/IMG_20201124_144239-scaled.jpg&#8220; title_text=&#8220;IMG_20201124_144239&#8243; _builder_version=&#8220;4.4.8&#8243;][\/et_pb_image][\/et_pb_column][et_pb_column type=&#8220;1_4&#8243; _builder_version=&#8220;4.4.8&#8243;][et_pb_image src=&#8220;https:\/\/startup-loft.com\/wp-content\/uploads\/2021\/02\/IMG_20201124_162438-scaled.jpg&#8220; alt=&#8220;workation&#8220; title_text=&#8220;workation&#8220; _builder_version=&#8220;4.4.8&#8243;][\/et_pb_image][\/et_pb_column][et_pb_column type=&#8220;1_4&#8243; _builder_version=&#8220;4.4.8&#8243;][et_pb_image src=&#8220;https:\/\/startup-loft.com\/wp-content\/uploads\/2021\/02\/IMG_20201104_105916-scaled.jpg&#8220; title_text=&#8220;IMG_20201104_105916&#8243; _builder_version=&#8220;4.4.8&#8243;][\/et_pb_image][\/et_pb_column][\/et_pb_row][et_pb_row column_structure=&#8220;1_4,1_4,1_4,1_4&#8243; _builder_version=&#8220;4.4.8&#8243;][et_pb_column type=&#8220;1_4&#8243; _builder_version=&#8220;4.4.8&#8243;][et_pb_image src=&#8220;https:\/\/startup-loft.com\/wp-content\/uploads\/2021\/02\/IMG_20201121_162113-scaled.jpg&#8220; title_text=&#8220;IMG_20201121_162113&#8243; _builder_version=&#8220;4.4.8&#8243;][\/et_pb_image][\/et_pb_column][et_pb_column type=&#8220;1_4&#8243; _builder_version=&#8220;4.4.8&#8243;][et_pb_image src=&#8220;https:\/\/startup-loft.com\/wp-content\/uploads\/2021\/02\/IMG_20201113_101736-scaled.jpg&#8220; title_text=&#8220;IMG_20201113_101736&#8243; _builder_version=&#8220;4.4.8&#8243;][\/et_pb_image][\/et_pb_column][et_pb_column type=&#8220;1_4&#8243; _builder_version=&#8220;4.4.8&#8243;][et_pb_image src=&#8220;https:\/\/startup-loft.com\/wp-content\/uploads\/2021\/02\/IMG_20201101_123601-scaled.jpg&#8220; title_text=&#8220;IMG_20201101_123601&#8243; _builder_version=&#8220;4.4.8&#8243;][\/et_pb_image][\/et_pb_column][et_pb_column type=&#8220;1_4&#8243; _builder_version=&#8220;4.4.8&#8243;][et_pb_image src=&#8220;https:\/\/startup-loft.com\/wp-content\/uploads\/2021\/02\/IMG_20201124_164743-scaled.jpg&#8220; alt=&#8220;workation&#8220; title_text=&#8220;workation&#8220; _builder_version=&#8220;4.4.8&#8243;][\/et_pb_image][\/et_pb_column][\/et_pb_row][\/et_pb_section][et_pb_section fb_built=&#8220;1&#8243; _builder_version=&#8220;4.4.8&#8243; background_color=&#8220;#f7f7f7&#8243;][et_pb_row column_structure=&#8220;1_2,1_2&#8243; _builder_version=&#8220;4.4.8&#8243;][et_pb_column type=&#8220;1_2&#8243; _builder_version=&#8220;4.4.8&#8243;][et_pb_text _builder_version=&#8220;4.4.8&#8243;]<\/p>\n<h2 style=\"margin-bottom: 20px;\">Deine Benefits<\/h2>\n<p><span style=\"font-size: medium; color: #666666; font-weight: 500;\">Bist du dir nicht sicher, ob die Teilnahme an einer Workation f\u00fcr dich Sinn ergibt? Du wirst etliche Vorteile von dieser Reise haben und selbst die Arbeit wird sich fast wie Urlaub anf\u00fchlen.<\/span><\/p>\n<p><span style=\"font-size: medium; color: #666666; font-weight: 500;\"><\/span><\/p>\n<ul>\n<li><span style=\"font-size: medium;\">Gemeinsam organisierte Reisen innerhalb Deutschlands, Europas und auch zu anderen Kontinenten<\/span><\/li>\n<li><span style=\"font-size: medium;\">Spannender Mix aus Menschen: Startup-Gr\u00fcnder und erfahrenen Mentoren &amp; Coaches aus der Gr\u00fcnderszene<\/span><\/li>\n<li><span style=\"font-size: medium;\">Au\u00dfergew\u00f6hnliche Unterk\u00fcnfte mit Pool, viel Platz zum Arbeiten und nat\u00fcrlich auch schnellem Internet<\/span><\/li>\n<li><span style=\"font-size: medium;\">Teilnahme an gemeinsamen Erlebnissen und Aktivit\u00e4ten (Bergwanderungen, Buggyausfahrten, Bootstouren, Barbecue etc.)<\/span><\/li>\n<li><span style=\"font-size: medium;\">Teilnahme an gemeinsamen Workshops zu diversen Themen (Pers\u00f6nliche Entwicklung, Mindset, Soft Skills, etc.)<\/span><\/li>\n<li><span style=\"font-size: medium;\">Networking mit Gleichgesinnten &amp; Arbeit an gemeinsamen Projekten<\/span><\/li>\n<\/ul>\n<p>[\/et_pb_text][\/et_pb_column][et_pb_column type=&#8220;1_2&#8243; _builder_version=&#8220;4.4.8&#8243;][et_pb_image src=&#8220;https:\/\/startup-loft.com\/wp-content\/uploads\/2021\/02\/IMG_20201129_084921-scaled.jpg&#8220; title_text=&#8220;IMG_20201129_084921&#8243; _builder_version=&#8220;4.4.8&#8243; box_shadow_style=&#8220;preset1&#8243;][\/et_pb_image][\/et_pb_column][\/et_pb_row][et_pb_row _builder_version=&#8220;4.4.8&#8243;][et_pb_column type=&#8220;4_4&#8243; _builder_version=&#8220;4.4.8&#8243;][et_pb_text _builder_version=&#8220;4.4.8&#8243;]<\/p>\n<h3 style=\"text-align: center;\">Upcoming Workations<\/h3>\n<p>&nbsp;<\/p>\n<p style=\"text-align: center;\">Derzeit sind &#8211; je nach Entwicklung der Pandemiesituation rund um COVID19 &#8211; folgende Startup Loft Workations in Planung:<\/p>\n<p>&nbsp;<\/p>\n<p style=\"text-align: center;\">Neue Termine und Reiseziele werden hier bald ver\u00f6ffentlichen. In der Zwischenzeit kannst du dir auf unserem <a href=\"https:\/\/www.instagram.com\/startuploft_md\/\">Instagram Account<\/a> Bilder der Workation im November 2021 anschauen.<\/p>\n<p>&nbsp;<\/p>\n<p style=\"text-align: center;\">\n<p>[\/et_pb_text][\/et_pb_column][\/et_pb_row][et_pb_row module_id=&#8220;bewerben&#8220; _builder_version=&#8220;4.4.8&#8243;][et_pb_column type=&#8220;4_4&#8243; _builder_version=&#8220;4.4.8&#8243;][et_pb_text _builder_version=&#8220;4.4.8&#8243;]<\/p>\n<h2>Haben wir dein Interesse geweckt?<\/h2>\n<p>[\/et_pb_text][\/et_pb_column][\/et_pb_row][\/et_pb_section][et_pb_section fb_built=&#8220;1&#8243; _builder_version=&#8220;4.4.8&#8243; background_color=&#8220;#02c9e6&#8243; global_module=&#8220;489&#8243;][et_pb_row _builder_version=&#8220;4.4.8&#8243;][et_pb_column type=&#8220;4_4&#8243; _builder_version=&#8220;4.4.8&#8243;][et_pb_text _builder_version=&#8220;4.4.8&#8243; header_2_text_color=&#8220;#ffffff&#8220;]<\/p>\n<h2>Jetzt Anfragen!<\/h2>\n<p>[\/et_pb_text][et_pb_contact_form email=&#8220;info@startup-loft.com&#8220; custom_message=&#8220;Neue Nachricht von startup-loft.com!||et_pb_line_break_holder||||et_pb_line_break_holder||Name: %%Name%%||et_pb_line_break_holder||Email: %%Email%%||et_pb_line_break_holder||||et_pb_line_break_holder||Betreff: %%ident%%||et_pb_line_break_holder||||et_pb_line_break_holder||Nachricht: %%Message%%&#8220; success_message=&#8220;Vielen Dank f\u00fcr deine Nachricht! Wir melden uns schnellstm\u00f6glich bei dir zur\u00fcck.&#8220; _builder_version=&#8220;4.4.8&#8243; captcha_text_color=&#8220;#ffffff&#8220; custom_button=&#8220;on&#8220; button_text_color=&#8220;#fcfcfc&#8220; button_use_icon=&#8220;off&#8220;][et_pb_contact_field field_id=&#8220;Name&#8220; field_title=&#8220;Name&#8220; _builder_version=&#8220;3.16&#8243; button_text_size__hover_enabled=&#8220;off&#8220; button_one_text_size__hover_enabled=&#8220;off&#8220; button_two_text_size__hover_enabled=&#8220;off&#8220; button_text_color__hover_enabled=&#8220;off&#8220; button_one_text_color__hover_enabled=&#8220;off&#8220; button_two_text_color__hover_enabled=&#8220;off&#8220; button_border_width__hover_enabled=&#8220;off&#8220; button_one_border_width__hover_enabled=&#8220;off&#8220; button_two_border_width__hover_enabled=&#8220;off&#8220; button_border_color__hover_enabled=&#8220;off&#8220; button_one_border_color__hover_enabled=&#8220;off&#8220; button_two_border_color__hover_enabled=&#8220;off&#8220; button_border_radius__hover_enabled=&#8220;off&#8220; button_one_border_radius__hover_enabled=&#8220;off&#8220; button_two_border_radius__hover_enabled=&#8220;off&#8220; button_letter_spacing__hover_enabled=&#8220;off&#8220; button_one_letter_spacing__hover_enabled=&#8220;off&#8220; button_two_letter_spacing__hover_enabled=&#8220;off&#8220; button_bg_color__hover_enabled=&#8220;off&#8220; button_one_bg_color__hover_enabled=&#8220;off&#8220; button_two_bg_color__hover_enabled=&#8220;off&#8220;][\/et_pb_contact_field][et_pb_contact_field field_id=&#8220;Email&#8220; field_title=&#8220;E-Mail-Adresse&#8220; field_type=&#8220;email&#8220; _builder_version=&#8220;3.16&#8243; button_text_size__hover_enabled=&#8220;off&#8220; button_one_text_size__hover_enabled=&#8220;off&#8220; button_two_text_size__hover_enabled=&#8220;off&#8220; button_text_color__hover_enabled=&#8220;off&#8220; button_one_text_color__hover_enabled=&#8220;off&#8220; button_two_text_color__hover_enabled=&#8220;off&#8220; button_border_width__hover_enabled=&#8220;off&#8220; button_one_border_width__hover_enabled=&#8220;off&#8220; button_two_border_width__hover_enabled=&#8220;off&#8220; button_border_color__hover_enabled=&#8220;off&#8220; button_one_border_color__hover_enabled=&#8220;off&#8220; button_two_border_color__hover_enabled=&#8220;off&#8220; button_border_radius__hover_enabled=&#8220;off&#8220; button_one_border_radius__hover_enabled=&#8220;off&#8220; button_two_border_radius__hover_enabled=&#8220;off&#8220; button_letter_spacing__hover_enabled=&#8220;off&#8220; button_one_letter_spacing__hover_enabled=&#8220;off&#8220; button_two_letter_spacing__hover_enabled=&#8220;off&#8220; button_bg_color__hover_enabled=&#8220;off&#8220; button_one_bg_color__hover_enabled=&#8220;off&#8220; button_two_bg_color__hover_enabled=&#8220;off&#8220;][\/et_pb_contact_field][et_pb_contact_field field_id=&#8220;ident&#8220; field_title=&#8220;Ich bin&#8220; field_type=&#8220;select&#8220; select_options=&#8220;%91{%22value%22:%22Interessent%22,%22checked%22:0,%22dragID%22:-1},{%22dragID%22:0,%22value%22:%22Entrepreneur%22,%22checked%22:0},{%22dragID%22:1,%22value%22:%22Startup%22,%22checked%22:0},{%22dragID%22:2,%22value%22:%22Mentor%22,%22checked%22:0},{%22dragID%22:3,%22value%22:%22Investor%22,%22checked%22:0}%93&#8243; fullwidth_field=&#8220;on&#8220; _builder_version=&#8220;4.4.8&#8243;][\/et_pb_contact_field][et_pb_contact_field field_id=&#8220;Message&#8220; field_title=&#8220;Anschreiben&#8220; field_type=&#8220;text&#8220; fullwidth_field=&#8220;on&#8220; _builder_version=&#8220;4.4.8&#8243; button_text_size__hover_enabled=&#8220;off&#8220; button_one_text_size__hover_enabled=&#8220;off&#8220; button_two_text_size__hover_enabled=&#8220;off&#8220; button_text_color__hover_enabled=&#8220;off&#8220; button_one_text_color__hover_enabled=&#8220;off&#8220; button_two_text_color__hover_enabled=&#8220;off&#8220; button_border_width__hover_enabled=&#8220;off&#8220; button_one_border_width__hover_enabled=&#8220;off&#8220; button_two_border_width__hover_enabled=&#8220;off&#8220; button_border_color__hover_enabled=&#8220;off&#8220; button_one_border_color__hover_enabled=&#8220;off&#8220; button_two_border_color__hover_enabled=&#8220;off&#8220; button_border_radius__hover_enabled=&#8220;off&#8220; button_one_border_radius__hover_enabled=&#8220;off&#8220; button_two_border_radius__hover_enabled=&#8220;off&#8220; button_letter_spacing__hover_enabled=&#8220;off&#8220; button_one_letter_spacing__hover_enabled=&#8220;off&#8220; button_two_letter_spacing__hover_enabled=&#8220;off&#8220; button_bg_color__hover_enabled=&#8220;off&#8220; button_one_bg_color__hover_enabled=&#8220;off&#8220; button_two_bg_color__hover_enabled=&#8220;off&#8220;][\/et_pb_contact_field][\/et_pb_contact_form][\/et_pb_column][\/et_pb_row][\/et_pb_section]<\/p>\n","protected":false},"excerpt":{"rendered":"<p>Wir bringen f\u00fcr euch das Beste aus Arbeit, Urlaub &amp; Entspannung zusammen: Ein Erlebnis, dass dir garantiert kein anderer Inkubator bietet!Workation = Arbeit und Urlaub? &nbsp; Wolltest du schon immer einmal im Ausland arbeiten? Dann ist eine Workation genau das richtige f\u00fcr dich. Der Begriff bezeichnet die Verschmelzung aus den englischen Begriffen Work &amp; Vacation [&hellip;]<\/p>\n","protected":false},"author":2,"featured_media":0,"parent":0,"menu_order":0,"comment_status":"closed","ping_status":"closed","template":"","meta":{"_et_pb_use_builder":"on","_et_pb_old_content":"","_et_gb_content_width":"","footnotes":""},"class_list":["post-496","page","type-page","status-publish","hentry"],"yoast_head":"<!-- This site is optimized with the Yoast SEO plugin v25.4 - https:\/\/yoast.com\/wordpress\/plugins\/seo\/ -->\n<title>Workation - Startup Loft - Inkubator &amp; Company Builder<\/title>\n<meta name=\"description\" content=\"Die Startup Loft \u2605 Workation \u2605 in Deutschland, Europa &amp; dem Rest der Welt \u2705 Zusammen arbeiten &amp; erleben \u2705. Entwicklung &amp; Teambuilding\" \/>\n<meta name=\"robots\" content=\"index, follow, max-snippet:-1, max-image-preview:large, max-video-preview:-1\" \/>\n<link rel=\"canonical\" href=\"https:\/\/startup-loft.com\/?page_id=496\" \/>\n<meta property=\"og:locale\" content=\"de_DE\" \/>\n<meta property=\"og:type\" content=\"article\" \/>\n<meta property=\"og:title\" content=\"Workation - Startup Loft - Inkubator &amp; Company Builder\" \/>\n<meta property=\"og:description\" content=\"Die Startup Loft \u2605 Workation \u2605 in Deutschland, Europa &amp; dem Rest der Welt \u2705 Zusammen arbeiten &amp; erleben \u2705. Entwicklung &amp; Teambuilding\" \/>\n<meta property=\"og:url\" content=\"https:\/\/startup-loft.com\/?page_id=496\" \/>\n<meta property=\"og:site_name\" content=\"Startup Loft - Inkubator &amp; Company Builder\" \/>\n<meta property=\"article:modified_time\" content=\"2022-01-03T14:06:31+00:00\" \/>\n<meta name=\"twitter:card\" content=\"summary_large_image\" \/>\n<meta name=\"twitter:label1\" content=\"Gesch\u00e4tzte Lesezeit\" \/>\n\t<meta name=\"twitter:data1\" content=\"2\u00a0Minuten\" \/>\n<script type=\"application\/ld+json\" class=\"yoast-schema-graph\">{\"@context\":\"https:\/\/schema.org\",\"@graph\":[{\"@type\":\"WebPage\",\"@id\":\"https:\/\/startup-loft.com\/?page_id=496\",\"url\":\"https:\/\/startup-loft.com\/?page_id=496\",\"name\":\"Workation - Startup Loft - Inkubator &amp; Company Builder\",\"isPartOf\":{\"@id\":\"https:\/\/startup-loft.com\/#website\"},\"datePublished\":\"2021-02-22T13:33:49+00:00\",\"dateModified\":\"2022-01-03T14:06:31+00:00\",\"description\":\"Die Startup Loft \u2605 Workation \u2605 in Deutschland, Europa & dem Rest der Welt \u2705 Zusammen arbeiten & erleben \u2705. Entwicklung & Teambuilding\",\"breadcrumb\":{\"@id\":\"https:\/\/startup-loft.com\/?page_id=496#breadcrumb\"},\"inLanguage\":\"de\",\"potentialAction\":[{\"@type\":\"ReadAction\",\"target\":[\"https:\/\/startup-loft.com\/?page_id=496\"]}]},{\"@type\":\"BreadcrumbList\",\"@id\":\"https:\/\/startup-loft.com\/?page_id=496#breadcrumb\",\"itemListElement\":[{\"@type\":\"ListItem\",\"position\":1,\"name\":\"Startseite\",\"item\":\"https:\/\/startup-loft.com\/\"},{\"@type\":\"ListItem\",\"position\":2,\"name\":\"Startup Loft Workation\"}]},{\"@type\":\"WebSite\",\"@id\":\"https:\/\/startup-loft.com\/#website\",\"url\":\"https:\/\/startup-loft.com\/\",\"name\":\"Startup Loft - Inkubator &amp; Company Builder\",\"description\":\"Startup Loft in Magdeburg\",\"potentialAction\":[{\"@type\":\"SearchAction\",\"target\":{\"@type\":\"EntryPoint\",\"urlTemplate\":\"https:\/\/startup-loft.com\/?s={search_term_string}\"},\"query-input\":{\"@type\":\"PropertyValueSpecification\",\"valueRequired\":true,\"valueName\":\"search_term_string\"}}],\"inLanguage\":\"de\"}]}<\/script>\n<!-- \/ Yoast SEO plugin. -->","yoast_head_json":{"title":"Workation - Startup Loft - Inkubator &amp; Company Builder","description":"Die Startup Loft \u2605 Workation \u2605 in Deutschland, Europa & dem Rest der Welt \u2705 Zusammen arbeiten & erleben \u2705. Entwicklung & Teambuilding","robots":{"index":"index","follow":"follow","max-snippet":"max-snippet:-1","max-image-preview":"max-image-preview:large","max-video-preview":"max-video-preview:-1"},"canonical":"https:\/\/startup-loft.com\/?page_id=496","og_locale":"de_DE","og_type":"article","og_title":"Workation - Startup Loft - Inkubator &amp; Company Builder","og_description":"Die Startup Loft \u2605 Workation \u2605 in Deutschland, Europa & dem Rest der Welt \u2705 Zusammen arbeiten & erleben \u2705. Entwicklung & Teambuilding","og_url":"https:\/\/startup-loft.com\/?page_id=496","og_site_name":"Startup Loft - Inkubator &amp; Company Builder","article_modified_time":"2022-01-03T14:06:31+00:00","twitter_card":"summary_large_image","twitter_misc":{"Gesch\u00e4tzte Lesezeit":"2\u00a0Minuten"},"schema":{"@context":"https:\/\/schema.org","@graph":[{"@type":"WebPage","@id":"https:\/\/startup-loft.com\/?page_id=496","url":"https:\/\/startup-loft.com\/?page_id=496","name":"Workation - Startup Loft - Inkubator &amp; Company Builder","isPartOf":{"@id":"https:\/\/startup-loft.com\/#website"},"datePublished":"2021-02-22T13:33:49+00:00","dateModified":"2022-01-03T14:06:31+00:00","description":"Die Startup Loft \u2605 Workation \u2605 in Deutschland, Europa & dem Rest der Welt \u2705 Zusammen arbeiten & erleben \u2705. Entwicklung & Teambuilding","breadcrumb":{"@id":"https:\/\/startup-loft.com\/?page_id=496#breadcrumb"},"inLanguage":"de","potentialAction":[{"@type":"ReadAction","target":["https:\/\/startup-loft.com\/?page_id=496"]}]},{"@type":"BreadcrumbList","@id":"https:\/\/startup-loft.com\/?page_id=496#breadcrumb","itemListElement":[{"@type":"ListItem","position":1,"name":"Startseite","item":"https:\/\/startup-loft.com\/"},{"@type":"ListItem","position":2,"name":"Startup Loft Workation"}]},{"@type":"WebSite","@id":"https:\/\/startup-loft.com\/#website","url":"https:\/\/startup-loft.com\/","name":"Startup Loft - Inkubator &amp; Company Builder","description":"Startup Loft in Magdeburg","potentialAction":[{"@type":"SearchAction","target":{"@type":"EntryPoint","urlTemplate":"https:\/\/startup-loft.com\/?s={search_term_string}"},"query-input":{"@type":"PropertyValueSpecification","valueRequired":true,"valueName":"search_term_string"}}],"inLanguage":"de"}]}},"_links":{"self":[{"href":"https:\/\/startup-loft.com\/index.php?rest_route=\/wp\/v2\/pages\/496","targetHints":{"allow":["GET"]}}],"collection":[{"href":"https:\/\/startup-loft.com\/index.php?rest_route=\/wp\/v2\/pages"}],"about":[{"href":"https:\/\/startup-loft.com\/index.php?rest_route=\/wp\/v2\/types\/page"}],"author":[{"embeddable":true,"href":"https:\/\/startup-loft.com\/index.php?rest_route=\/wp\/v2\/users\/2"}],"replies":[{"embeddable":true,"href":"https:\/\/startup-loft.com\/index.php?rest_route=%2Fwp%2Fv2%2Fcomments&post=496"}],"version-history":[{"count":12,"href":"https:\/\/startup-loft.com\/index.php?rest_route=\/wp\/v2\/pages\/496\/revisions"}],"predecessor-version":[{"id":578,"href":"https:\/\/startup-loft.com\/index.php?rest_route=\/wp\/v2\/pages\/496\/revisions\/578"}],"wp:attachment":[{"href":"https:\/\/startup-loft.com\/index.php?rest_route=%2Fwp%2Fv2%2Fmedia&parent=496"}],"curies":[{"name":"wp","href":"https:\/\/api.w.org\/{rel}","templated":true}]}}